{"id":67,"date":"2023-01-02T22:06:49","date_gmt":"2023-01-02T21:06:49","guid":{"rendered":"https:\/\/www.lesmournandises.fr\/index.php\/page-daccueil\/"},"modified":"2023-01-15T17:33:06","modified_gmt":"2023-01-15T16:33:06","slug":"accueil","status":"publish","type":"page","link":"https:\/\/www.lesmournandises.fr\/","title":{"rendered":""},"content":{"rendered":"\n<div class=\"wp-block-cover is-light has-normal-font-size\" style=\"min-height:294px;aspect-ratio:unset;\"><span aria-hidden=\"true\" class=\"wp-block-cover__background has-background-dim-0 has-background-dim\"><\/span><img data-recalc-dims=\"1\" loading=\"lazy\" decoding=\"async\" width=\"980\" height=\"980\" class=\"wp-block-cover__image-background wp-image-82\" alt=\"\" src=\"https:\/\/i0.wp.com\/www.lesmournandises.fr\/wp-content\/uploads\/2023\/01\/IMG_20200303_174759.jpg?resize=980%2C980&#038;ssl=1\" style=\"object-position:50% 80%\" data-object-fit=\"cover\" data-object-position=\"50% 80%\" srcset=\"https:\/\/i0.wp.com\/www.lesmournandises.fr\/wp-content\/uploads\/2023\/01\/IMG_20200303_174759.jpg?w=1342&amp;ssl=1 1342w, https:\/\/i0.wp.com\/www.lesmournandises.fr\/wp-content\/uploads\/2023\/01\/IMG_20200303_174759.jpg?resize=324%2C324&amp;ssl=1 324w, https:\/\/i0.wp.com\/www.lesmournandises.fr\/wp-content\/uploads\/2023\/01\/IMG_20200303_174759.jpg?resize=100%2C100&amp;ssl=1 100w, https:\/\/i0.wp.com\/www.lesmournandises.fr\/wp-content\/uploads\/2023\/01\/IMG_20200303_174759.jpg?resize=416%2C416&amp;ssl=1 416w, https:\/\/i0.wp.com\/www.lesmournandises.fr\/wp-content\/uploads\/2023\/01\/IMG_20200303_174759.jpg?resize=300%2C300&amp;ssl=1 300w, https:\/\/i0.wp.com\/www.lesmournandises.fr\/wp-content\/uploads\/2023\/01\/IMG_20200303_174759.jpg?resize=1024%2C1024&amp;ssl=1 1024w, https:\/\/i0.wp.com\/www.lesmournandises.fr\/wp-content\/uploads\/2023\/01\/IMG_20200303_174759.jpg?resize=150%2C150&amp;ssl=1 150w, https:\/\/i0.wp.com\/www.lesmournandises.fr\/wp-content\/uploads\/2023\/01\/IMG_20200303_174759.jpg?resize=768%2C768&amp;ssl=1 768w\" sizes=\"auto, (max-width: 980px) 100vw, 980px\" \/><div class=\"wp-block-cover__inner-container is-layout-flow wp-block-cover-is-layout-flow\">\n<div class=\"wp-block-buttons is-content-justification-center is-layout-flex wp-container-core-buttons-is-layout-a89b3969 wp-block-buttons-is-layout-flex\">\n<div class=\"wp-block-button\"><a class=\"wp-block-button__link wp-element-button\" href=\"https:\/\/www.lesmournandises.fr\/index.php\/boutique\/\">Commencez vos achats<\/a><\/div>\n<\/div>\n<\/div><\/div>\n\n\n\n<p><\/p>\n\n\n\n<h2 class=\"has-text-align-center wp-block-heading\">Nouveaux produits<\/h2>\n\n\n<div data-block-name=\"woocommerce\/product-new\" data-columns=\"4\" data-rows=\"1\" class=\"wc-block-grid wp-block-product-new wp-block-woocommerce-product-new wc-block-product-new has-4-columns\"><ul class=\"wc-block-grid__products\"><li class=\"wc-block-grid__product\"> \n\t\t\t\t<a href=\"https:\/\/www.lesmournandises.fr\/index.php\/produit\/flan-a-la-vanille-sur-lit-praline\/\" class=\"wc-block-grid__product-link\">\n                    <span class=\"acoplw-badge acoplw-textBlock\"><span class=\"acoplw-badge-icon acoplw-bstwo acoplwLeftAlign acoplwPosTop acoplw-custom-badge-198\" style=\"opacity:1;width:80px;font-size:px;line-height:px;font-weight: 400;transform:rotateX(0deg) rotateY(0deg) rotateZ(0deg);border-radius: 3px 0px 0px 3px;top:0px;bottom:auto;background:rgba(50, 101, 160, 1);\"><span class=\"acoplw-blockText\" style=\"color:rgba(209, 210, 216, 1);\">d\u00e9lai 2j<\/span><\/span><\/span>\n\t\t\t\t\t<div class=\"wc-block-grid__product-image\"><span class=\"acoplw-badge\"><span class=\"acoplw-badge-icon acoplw-bstwo acoplwLeftAlign acoplwPosTop acoplw-custom-badge-198\" style=\"opacity:1;width:80px;font-size:px;line-height:px;font-weight: 400;transform:rotateX(0deg) rotateY(0deg) rotateZ(0deg);border-radius: 3px 0px 0px 3px;top:0px;bottom:auto;background:rgba(50, 101, 160, 1);\"><span class=\"acoplw-blockText\" style=\"color:rgba(209, 210, 216, 1);\">d\u00e9lai 2j<\/span><\/span><img loading=\"lazy\" decoding=\"async\" width=\"324\" height=\"324\" src=\"https:\/\/i0.wp.com\/www.lesmournandises.fr\/wp-content\/uploads\/2026\/01\/PXL_20250929_064418383-scaled-e1769874093416.jpg?resize=324%2C324&amp;ssl=1\" class=\"attachment-woocommerce_thumbnail size-woocommerce_thumbnail\" alt=\"Flan Vanille Pralin\u00e9\" srcset=\"https:\/\/i0.wp.com\/www.lesmournandises.fr\/wp-content\/uploads\/2026\/01\/PXL_20250929_064418383-scaled-e1769874093416.jpg?w=673&amp;ssl=1 673w, https:\/\/i0.wp.com\/www.lesmournandises.fr\/wp-content\/uploads\/2026\/01\/PXL_20250929_064418383-scaled-e1769874093416.jpg?resize=300%2C300&amp;ssl=1 300w, https:\/\/i0.wp.com\/www.lesmournandises.fr\/wp-content\/uploads\/2026\/01\/PXL_20250929_064418383-scaled-e1769874093416.jpg?resize=150%2C150&amp;ssl=1 150w, https:\/\/i0.wp.com\/www.lesmournandises.fr\/wp-content\/uploads\/2026\/01\/PXL_20250929_064418383-scaled-e1769874093416.jpg?resize=324%2C324&amp;ssl=1 324w, https:\/\/i0.wp.com\/www.lesmournandises.fr\/wp-content\/uploads\/2026\/01\/PXL_20250929_064418383-scaled-e1769874093416.jpg?resize=416%2C415&amp;ssl=1 416w, https:\/\/i0.wp.com\/www.lesmournandises.fr\/wp-content\/uploads\/2026\/01\/PXL_20250929_064418383-scaled-e1769874093416.jpg?resize=100%2C100&amp;ssl=1 100w\" sizes=\"auto, (max-width: 324px) 100vw, 324px\" \/><\/span><\/div>\n\t\t\t\t\t<div class=\"wc-block-grid__product-title\">Flan Vanille Pralin\u00e9<\/div>\n\t\t\t\t<\/a>\n\t\t\t\t\n\t\t\t\t<div class=\"wc-block-grid__product-price price\"><span class=\"woocommerce-Price-amount amount\" aria-hidden=\"true\">24,00&nbsp;<span class=\"woocommerce-Price-currencySymbol\">&euro;<\/span><\/span> <span aria-hidden=\"true\">\u00a0\u2013\u00a0<\/span> <span class=\"woocommerce-Price-amount amount\" aria-hidden=\"true\">26,00&nbsp;<span class=\"woocommerce-Price-currencySymbol\">&euro;<\/span><\/span><span class=\"screen-reader-text\">Plage de prix\u00a0: 24,00&nbsp;&euro; \u00e0 26,00&nbsp;&euro;<\/span><\/div>\n\t\t\t\t\n\t\t\t\t<div class=\"wp-block-button wc-block-grid__product-add-to-cart\"><a href=\"https:\/\/www.lesmournandises.fr\/index.php\/produit\/flan-a-la-vanille-sur-lit-praline\/\" aria-label=\"S\u00e9lectionner les options pour &ldquo;Flan Vanille Pralin\u00e9&rdquo;\" data-quantity=\"1\" data-product_id=\"296\" data-product_sku=\"\" data-price=\"24\" rel=\"nofollow\" class=\"wp-block-button__link  add_to_cart_button\">Choix des options<\/a><\/div>\n\t\t\t<\/li><li class=\"wc-block-grid__product\"> \n\t\t\t\t<a href=\"https:\/\/www.lesmournandises.fr\/index.php\/produit\/gaufre-de-liege\/\" class=\"wc-block-grid__product-link\">\n                    <span class=\"acoplw-badge acoplw-textBlock\"><span class=\"acoplw-badge-icon acoplw-bstwo acoplwLeftAlign acoplwPosTop acoplw-custom-badge-198\" style=\"opacity:1;width:80px;font-size:px;line-height:px;font-weight: 400;transform:rotateX(0deg) rotateY(0deg) rotateZ(0deg);border-radius: 3px 0px 0px 3px;top:0px;bottom:auto;background:rgba(50, 101, 160, 1);\"><span class=\"acoplw-blockText\" style=\"color:rgba(209, 210, 216, 1);\">d\u00e9lai 2j<\/span><\/span><\/span>\n\t\t\t\t\t<div class=\"wc-block-grid__product-image\"><span class=\"acoplw-badge\"><span class=\"acoplw-badge-icon acoplw-bstwo acoplwLeftAlign acoplwPosTop acoplw-custom-badge-198\" style=\"opacity:1;width:80px;font-size:px;line-height:px;font-weight: 400;transform:rotateX(0deg) rotateY(0deg) rotateZ(0deg);border-radius: 3px 0px 0px 3px;top:0px;bottom:auto;background:rgba(50, 101, 160, 1);\"><span class=\"acoplw-blockText\" style=\"color:rgba(209, 210, 216, 1);\">d\u00e9lai 2j<\/span><\/span><img loading=\"lazy\" decoding=\"async\" width=\"324\" height=\"324\" src=\"https:\/\/i0.wp.com\/www.lesmournandises.fr\/wp-content\/uploads\/2023\/01\/1000042945.jpg?resize=324%2C324&amp;ssl=1\" class=\"attachment-woocommerce_thumbnail size-woocommerce_thumbnail\" alt=\"Gaufres de Li\u00e8ge\" srcset=\"https:\/\/i0.wp.com\/www.lesmournandises.fr\/wp-content\/uploads\/2023\/01\/1000042945.jpg?w=1914&amp;ssl=1 1914w, https:\/\/i0.wp.com\/www.lesmournandises.fr\/wp-content\/uploads\/2023\/01\/1000042945.jpg?resize=300%2C300&amp;ssl=1 300w, https:\/\/i0.wp.com\/www.lesmournandises.fr\/wp-content\/uploads\/2023\/01\/1000042945.jpg?resize=1024%2C1024&amp;ssl=1 1024w, https:\/\/i0.wp.com\/www.lesmournandises.fr\/wp-content\/uploads\/2023\/01\/1000042945.jpg?resize=150%2C150&amp;ssl=1 150w, https:\/\/i0.wp.com\/www.lesmournandises.fr\/wp-content\/uploads\/2023\/01\/1000042945.jpg?resize=768%2C768&amp;ssl=1 768w, https:\/\/i0.wp.com\/www.lesmournandises.fr\/wp-content\/uploads\/2023\/01\/1000042945.jpg?resize=1536%2C1536&amp;ssl=1 1536w, https:\/\/i0.wp.com\/www.lesmournandises.fr\/wp-content\/uploads\/2023\/01\/1000042945.jpg?resize=324%2C324&amp;ssl=1 324w, https:\/\/i0.wp.com\/www.lesmournandises.fr\/wp-content\/uploads\/2023\/01\/1000042945.jpg?resize=416%2C416&amp;ssl=1 416w, https:\/\/i0.wp.com\/www.lesmournandises.fr\/wp-content\/uploads\/2023\/01\/1000042945.jpg?resize=100%2C100&amp;ssl=1 100w\" sizes=\"auto, (max-width: 324px) 100vw, 324px\" \/><\/span><\/div>\n\t\t\t\t\t<div class=\"wc-block-grid__product-title\">Gaufres de Li\u00e8ge<\/div>\n\t\t\t\t<\/a>\n\t\t\t\t\n\t\t\t\t<div class=\"wc-block-grid__product-price price\"><span class=\"woocommerce-Price-amount amount\">10,00&nbsp;<span class=\"woocommerce-Price-currencySymbol\">&euro;<\/span><\/span><\/div>\n\t\t\t\t\n\t\t\t\t<div class=\"wp-block-button wc-block-grid__product-add-to-cart\"><a href=\"\/index.php\/wp-json\/wp\/v2\/pages\/67?add-to-cart=230\" aria-label=\"Ajouter au panier\u00a0: &ldquo;Gaufres de Li\u00e8ge&rdquo;\" data-quantity=\"1\" data-product_id=\"230\" data-product_sku=\"\" data-price=\"10\" rel=\"nofollow\" class=\"wp-block-button__link  add_to_cart_button ajax_add_to_cart\">Ajouter au panier<\/a><\/div>\n\t\t\t<\/li><li class=\"wc-block-grid__product\"> \n\t\t\t\t<a href=\"https:\/\/www.lesmournandises.fr\/index.php\/produit\/flan-a-la-vanille\/\" class=\"wc-block-grid__product-link\">\n                    <span class=\"acoplw-badge acoplw-textBlock\"><span class=\"acoplw-badge-icon acoplw-bstwo acoplwLeftAlign acoplwPosTop acoplw-custom-badge-198\" style=\"opacity:1;width:80px;font-size:px;line-height:px;font-weight: 400;transform:rotateX(0deg) rotateY(0deg) rotateZ(0deg);border-radius: 3px 0px 0px 3px;top:0px;bottom:auto;background:rgba(50, 101, 160, 1);\"><span class=\"acoplw-blockText\" style=\"color:rgba(209, 210, 216, 1);\">d\u00e9lai 2j<\/span><\/span><\/span>\n\t\t\t\t\t<div class=\"wc-block-grid__product-image\"><span class=\"acoplw-badge\"><span class=\"acoplw-badge-icon acoplw-bstwo acoplwLeftAlign acoplwPosTop acoplw-custom-badge-198\" style=\"opacity:1;width:80px;font-size:px;line-height:px;font-weight: 400;transform:rotateX(0deg) rotateY(0deg) rotateZ(0deg);border-radius: 3px 0px 0px 3px;top:0px;bottom:auto;background:rgba(50, 101, 160, 1);\"><span class=\"acoplw-blockText\" style=\"color:rgba(209, 210, 216, 1);\">d\u00e9lai 2j<\/span><\/span><img loading=\"lazy\" decoding=\"async\" width=\"324\" height=\"324\" src=\"https:\/\/i0.wp.com\/www.lesmournandises.fr\/wp-content\/uploads\/2026\/01\/PXL_20250929_064418383-scaled-e1769874093416.jpg?resize=324%2C324&amp;ssl=1\" class=\"attachment-woocommerce_thumbnail size-woocommerce_thumbnail\" alt=\"Flan Vanille\" srcset=\"https:\/\/i0.wp.com\/www.lesmournandises.fr\/wp-content\/uploads\/2026\/01\/PXL_20250929_064418383-scaled-e1769874093416.jpg?w=673&amp;ssl=1 673w, https:\/\/i0.wp.com\/www.lesmournandises.fr\/wp-content\/uploads\/2026\/01\/PXL_20250929_064418383-scaled-e1769874093416.jpg?resize=300%2C300&amp;ssl=1 300w, https:\/\/i0.wp.com\/www.lesmournandises.fr\/wp-content\/uploads\/2026\/01\/PXL_20250929_064418383-scaled-e1769874093416.jpg?resize=150%2C150&amp;ssl=1 150w, https:\/\/i0.wp.com\/www.lesmournandises.fr\/wp-content\/uploads\/2026\/01\/PXL_20250929_064418383-scaled-e1769874093416.jpg?resize=324%2C324&amp;ssl=1 324w, https:\/\/i0.wp.com\/www.lesmournandises.fr\/wp-content\/uploads\/2026\/01\/PXL_20250929_064418383-scaled-e1769874093416.jpg?resize=416%2C415&amp;ssl=1 416w, https:\/\/i0.wp.com\/www.lesmournandises.fr\/wp-content\/uploads\/2026\/01\/PXL_20250929_064418383-scaled-e1769874093416.jpg?resize=100%2C100&amp;ssl=1 100w\" sizes=\"auto, (max-width: 324px) 100vw, 324px\" \/><\/span><\/div>\n\t\t\t\t\t<div class=\"wc-block-grid__product-title\">Flan Vanille<\/div>\n\t\t\t\t<\/a>\n\t\t\t\t\n\t\t\t\t<div class=\"wc-block-grid__product-price price\"><span class=\"woocommerce-Price-amount amount\">22,00&nbsp;<span class=\"woocommerce-Price-currencySymbol\">&euro;<\/span><\/span><\/div>\n\t\t\t\t\n\t\t\t\t<div class=\"wp-block-button wc-block-grid__product-add-to-cart\"><a href=\"\/index.php\/wp-json\/wp\/v2\/pages\/67?add-to-cart=160\" aria-label=\"Ajouter au panier\u00a0: &ldquo;Flan Vanille&rdquo;\" data-quantity=\"1\" data-product_id=\"160\" data-product_sku=\"\" data-price=\"22\" rel=\"nofollow\" class=\"wp-block-button__link  add_to_cart_button ajax_add_to_cart\">Ajouter au panier<\/a><\/div>\n\t\t\t<\/li><li class=\"wc-block-grid__product\"> \n\t\t\t\t<a href=\"https:\/\/www.lesmournandises.fr\/index.php\/produit\/marbre\/\" class=\"wc-block-grid__product-link\">\n                    <span class=\"acoplw-badge acoplw-textBlock\"><span class=\"acoplw-badge-icon acoplw-bstwo acoplwLeftAlign acoplwPosTop acoplw-custom-badge-198\" style=\"opacity:1;width:80px;font-size:px;line-height:px;font-weight: 400;transform:rotateX(0deg) rotateY(0deg) rotateZ(0deg);border-radius: 3px 0px 0px 3px;top:0px;bottom:auto;background:rgba(50, 101, 160, 1);\"><span class=\"acoplw-blockText\" style=\"color:rgba(209, 210, 216, 1);\">d\u00e9lai 2j<\/span><\/span><\/span>\n\t\t\t\t\t<div class=\"wc-block-grid__product-image\"><span class=\"acoplw-badge\"><span class=\"acoplw-badge-icon acoplw-bstwo acoplwLeftAlign acoplwPosTop acoplw-custom-badge-198\" style=\"opacity:1;width:80px;font-size:px;line-height:px;font-weight: 400;transform:rotateX(0deg) rotateY(0deg) rotateZ(0deg);border-radius: 3px 0px 0px 3px;top:0px;bottom:auto;background:rgba(50, 101, 160, 1);\"><span class=\"acoplw-blockText\" style=\"color:rgba(209, 210, 216, 1);\">d\u00e9lai 2j<\/span><\/span><img loading=\"lazy\" decoding=\"async\" width=\"324\" height=\"324\" src=\"https:\/\/i0.wp.com\/www.lesmournandises.fr\/wp-content\/uploads\/2023\/01\/1000042476.jpg?resize=324%2C324&amp;ssl=1\" class=\"attachment-woocommerce_thumbnail size-woocommerce_thumbnail\" alt=\"Marbr\u00e9 au Chocolat\" srcset=\"https:\/\/i0.wp.com\/www.lesmournandises.fr\/wp-content\/uploads\/2023\/01\/1000042476.jpg?w=2233&amp;ssl=1 2233w, https:\/\/i0.wp.com\/www.lesmournandises.fr\/wp-content\/uploads\/2023\/01\/1000042476.jpg?resize=300%2C300&amp;ssl=1 300w, https:\/\/i0.wp.com\/www.lesmournandises.fr\/wp-content\/uploads\/2023\/01\/1000042476.jpg?resize=1024%2C1024&amp;ssl=1 1024w, https:\/\/i0.wp.com\/www.lesmournandises.fr\/wp-content\/uploads\/2023\/01\/1000042476.jpg?resize=150%2C150&amp;ssl=1 150w, https:\/\/i0.wp.com\/www.lesmournandises.fr\/wp-content\/uploads\/2023\/01\/1000042476.jpg?resize=768%2C768&amp;ssl=1 768w, https:\/\/i0.wp.com\/www.lesmournandises.fr\/wp-content\/uploads\/2023\/01\/1000042476.jpg?resize=1536%2C1536&amp;ssl=1 1536w, https:\/\/i0.wp.com\/www.lesmournandises.fr\/wp-content\/uploads\/2023\/01\/1000042476.jpg?resize=2048%2C2048&amp;ssl=1 2048w, https:\/\/i0.wp.com\/www.lesmournandises.fr\/wp-content\/uploads\/2023\/01\/1000042476.jpg?resize=324%2C324&amp;ssl=1 324w, https:\/\/i0.wp.com\/www.lesmournandises.fr\/wp-content\/uploads\/2023\/01\/1000042476.jpg?resize=416%2C416&amp;ssl=1 416w, https:\/\/i0.wp.com\/www.lesmournandises.fr\/wp-content\/uploads\/2023\/01\/1000042476.jpg?resize=100%2C100&amp;ssl=1 100w, https:\/\/i0.wp.com\/www.lesmournandises.fr\/wp-content\/uploads\/2023\/01\/1000042476.jpg?w=1960&amp;ssl=1 1960w\" sizes=\"auto, (max-width: 324px) 100vw, 324px\" \/><\/span><\/div>\n\t\t\t\t\t<div class=\"wc-block-grid__product-title\">Marbr\u00e9 au Chocolat<\/div>\n\t\t\t\t<\/a>\n\t\t\t\t\n\t\t\t\t<div class=\"wc-block-grid__product-price price\"><span class=\"woocommerce-Price-amount amount\" aria-hidden=\"true\">16,00&nbsp;<span class=\"woocommerce-Price-currencySymbol\">&euro;<\/span><\/span> <span aria-hidden=\"true\">\u00a0\u2013\u00a0<\/span> <span class=\"woocommerce-Price-amount amount\" aria-hidden=\"true\">22,00&nbsp;<span class=\"woocommerce-Price-currencySymbol\">&euro;<\/span><\/span><span class=\"screen-reader-text\">Plage de prix\u00a0: 16,00&nbsp;&euro; \u00e0 22,00&nbsp;&euro;<\/span><\/div>\n\t\t\t\t\n\t\t\t\t<div class=\"wp-block-button wc-block-grid__product-add-to-cart\"><a href=\"https:\/\/www.lesmournandises.fr\/index.php\/produit\/marbre\/\" aria-label=\"S\u00e9lectionner les options pour &ldquo;Marbr\u00e9 au Chocolat&rdquo;\" data-quantity=\"1\" data-product_id=\"150\" data-product_sku=\"\" data-price=\"16\" rel=\"nofollow\" class=\"wp-block-button__link  add_to_cart_button\">Choix des options<\/a><\/div>\n\t\t\t<\/li><\/ul><\/div>\n\n<div data-block-name=\"woocommerce\/featured-product\" data-edit-mode=\"false\" data-image-fit=\"cover\" data-product-id=\"60\" class=\"wc-block-featured-product alignnone has-background-dim wp-block-woocommerce-featured-product\" style=\"min-height:500px;\"><div class=\"wc-block-featured-product__wrapper\"><div class=\"background-dim__overlay\" style=\"background-color: #000000\"><\/div><img decoding=\"async\" alt=\"Trop\u00e9zienne\" class=\"wc-block-featured-product__background-image\" src=\"https:\/\/i0.wp.com\/www.lesmournandises.fr\/wp-content\/uploads\/2023\/01\/IMG_20220724_144849-scaled-e1672749511853.jpg?fit=980%2C980&#038;ssl=1\" style=\"object-fit: cover;object-position: 50% 50%;\" \/><h2 class=\"wc-block-featured-product__title\">Trop\u00e9zienne<\/h2><div class=\"wc-block-featured-product__description\"><p><span class=\"_aacl _aaco _aacu _aacx _aad7 _aade\">Brioche au sucre fourr\u00e9e d\u2019une cr\u00e8me l\u00e9g\u00e8re parfum\u00e9e \u00e0 la vanille et \u00e0 la fleur d\u2019oranger<\/span><\/p>\n<p>Existe aussi en version uniquement parfum\u00e9e \u00e0 la vanille de Madagascar.<\/p>\n<p><strong>8 parts<\/strong><\/p>\n<\/div><div class=\"wc-block-featured-product__price\"><span class=\"woocommerce-Price-amount amount\">20,00&nbsp;<span class=\"woocommerce-Price-currencySymbol\">&euro;<\/span><\/span><\/div><div class=\"wc-block-featured-product__inner-blocks\">\n\n<div class=\"wp-block-buttons is-content-justification-center is-layout-flex wp-container-core-buttons-is-layout-a89b3969 wp-block-buttons-is-layout-flex\">\n<div class=\"wp-block-button\"><a class=\"wp-block-button__link wp-element-button\" href=\"https:\/\/www.lesmournandises.fr\/index.php\/produit\/tropezienne\/\">Acheter maintenant<\/a><\/div>\n<\/div>\n\n<\/div><\/div><\/div>","protected":false},"excerpt":{"rendered":"<p>Nouveaux produits<\/p>\n","protected":false},"author":1,"featured_media":0,"parent":0,"menu_order":0,"comment_status":"closed","ping_status":"closed","template":"templates\/wpmm-page-template.php","meta":{"footnotes":""},"class_list":["post-67","page","type-page","status-publish","hentry"],"jetpack_sharing_enabled":true,"_links":{"self":[{"href":"https:\/\/www.lesmournandises.fr\/index.php\/wp-json\/wp\/v2\/pages\/67","targetHints":{"allow":["GET"]}}],"collection":[{"href":"https:\/\/www.lesmournandises.fr\/index.php\/wp-json\/wp\/v2\/pages"}],"about":[{"href":"https:\/\/www.lesmournandises.fr\/index.php\/wp-json\/wp\/v2\/types\/page"}],"author":[{"embeddable":true,"href":"https:\/\/www.lesmournandises.fr\/index.php\/wp-json\/wp\/v2\/users\/1"}],"replies":[{"embeddable":true,"href":"https:\/\/www.lesmournandises.fr\/index.php\/wp-json\/wp\/v2\/comments?post=67"}],"version-history":[{"count":32,"href":"https:\/\/www.lesmournandises.fr\/index.php\/wp-json\/wp\/v2\/pages\/67\/revisions"}],"predecessor-version":[{"id":226,"href":"https:\/\/www.lesmournandises.fr\/index.php\/wp-json\/wp\/v2\/pages\/67\/revisions\/226"}],"wp:attachment":[{"href":"https:\/\/www.lesmournandises.fr\/index.php\/wp-json\/wp\/v2\/media?parent=67"}],"curies":[{"name":"wp","href":"https:\/\/api.w.org\/{rel}","templated":true}]}}