{"id":118,"date":"2023-01-03T13:00:17","date_gmt":"2023-01-03T12:00:17","guid":{"rendered":"https:\/\/www.lesmournandises.fr\/?post_type=product&#038;p=118"},"modified":"2023-06-18T20:02:14","modified_gmt":"2023-06-18T18:02:14","slug":"choux-a-la-creme","status":"publish","type":"product","link":"https:\/\/www.lesmournandises.fr\/index.php\/produit\/choux-a-la-creme\/","title":{"rendered":"Choux \u00e0 la Cr\u00e8me"},"content":{"rendered":"","protected":false},"excerpt":{"rendered":"<p>P\u00e2te \u00e0 chou maison avec craquelin, cr\u00e9meux l\u00e9ger<\/p>\n<p>Parfum au choix<\/p>\n<p><strong>8 choux<\/strong><\/p>\n","protected":false},"featured_media":122,"comment_status":"open","ping_status":"closed","template":"","meta":[],"product_brand":[],"product_cat":[30],"product_tag":[32,31,33],"class_list":{"0":"post-118","1":"product","2":"type-product","3":"status-publish","4":"has-post-thumbnail","6":"product_cat-choux","7":"product_tag-chou","8":"product_tag-choux","9":"product_tag-creme","11":"first","12":"instock","13":"shipping-taxable","14":"purchasable","15":"product-type-variable"},"jetpack_sharing_enabled":true,"_links":{"self":[{"href":"https:\/\/www.lesmournandises.fr\/index.php\/wp-json\/wp\/v2\/product\/118","targetHints":{"allow":["GET"]}}],"collection":[{"href":"https:\/\/www.lesmournandises.fr\/index.php\/wp-json\/wp\/v2\/product"}],"about":[{"href":"https:\/\/www.lesmournandises.fr\/index.php\/wp-json\/wp\/v2\/types\/product"}],"replies":[{"embeddable":true,"href":"https:\/\/www.lesmournandises.fr\/index.php\/wp-json\/wp\/v2\/comments?post=118"}],"wp:featuredmedia":[{"embeddable":true,"href":"https:\/\/www.lesmournandises.fr\/index.php\/wp-json\/wp\/v2\/media\/122"}],"wp:attachment":[{"href":"https:\/\/www.lesmournandises.fr\/index.php\/wp-json\/wp\/v2\/media?parent=118"}],"wp:term":[{"taxonomy":"product_brand","embeddable":true,"href":"https:\/\/www.lesmournandises.fr\/index.php\/wp-json\/wp\/v2\/product_brand?post=118"},{"taxonomy":"product_cat","embeddable":true,"href":"https:\/\/www.lesmournandises.fr\/index.php\/wp-json\/wp\/v2\/product_cat?post=118"},{"taxonomy":"product_tag","embeddable":true,"href":"https:\/\/www.lesmournandises.fr\/index.php\/wp-json\/wp\/v2\/product_tag?post=118"}],"curies":[{"name":"wp","href":"https:\/\/api.w.org\/{rel}","templated":true}]}}