{"id":139,"date":"2023-01-03T17:50:22","date_gmt":"2023-01-03T16:50:22","guid":{"rendered":"https:\/\/www.lesmournandises.fr\/index.php\/produit\/kouglof\/"},"modified":"2023-02-09T14:12:17","modified_gmt":"2023-02-09T13:12:17","slug":"kougelhopf","status":"publish","type":"product","link":"https:\/\/www.lesmournandises.fr\/index.php\/produit\/kougelhopf\/","title":{"rendered":"Kougelhopf"},"content":{"rendered":"","protected":false},"excerpt":{"rendered":"<p>Viennoiserie traditionnelle alsacienne \u00e0 p\u00e2te lev\u00e9e agr\u00e9ment\u00e9e de raisins mac\u00e9r\u00e9s<\/p>\n<p><strong>8 parts<\/strong><\/p>\n","protected":false},"featured_media":138,"comment_status":"open","ping_status":"closed","template":"","meta":[],"product_brand":[],"product_cat":[41],"product_tag":[51,52,50,49,53],"class_list":{"0":"post-139","1":"product","2":"type-product","3":"status-publish","4":"has-post-thumbnail","6":"product_cat-brioches","7":"product_tag-alsace","8":"product_tag-brioche","9":"product_tag-kougelhopf","10":"product_tag-kouglof","11":"product_tag-raisin","13":"first","14":"instock","15":"purchasable","16":"product-type-simple"},"jetpack_sharing_enabled":true,"_links":{"self":[{"href":"https:\/\/www.lesmournandises.fr\/index.php\/wp-json\/wp\/v2\/product\/139","targetHints":{"allow":["GET"]}}],"collection":[{"href":"https:\/\/www.lesmournandises.fr\/index.php\/wp-json\/wp\/v2\/product"}],"about":[{"href":"https:\/\/www.lesmournandises.fr\/index.php\/wp-json\/wp\/v2\/types\/product"}],"replies":[{"embeddable":true,"href":"https:\/\/www.lesmournandises.fr\/index.php\/wp-json\/wp\/v2\/comments?post=139"}],"wp:featuredmedia":[{"embeddable":true,"href":"https:\/\/www.lesmournandises.fr\/index.php\/wp-json\/wp\/v2\/media\/138"}],"wp:attachment":[{"href":"https:\/\/www.lesmournandises.fr\/index.php\/wp-json\/wp\/v2\/media?parent=139"}],"wp:term":[{"taxonomy":"product_brand","embeddable":true,"href":"https:\/\/www.lesmournandises.fr\/index.php\/wp-json\/wp\/v2\/product_brand?post=139"},{"taxonomy":"product_cat","embeddable":true,"href":"https:\/\/www.lesmournandises.fr\/index.php\/wp-json\/wp\/v2\/product_cat?post=139"},{"taxonomy":"product_tag","embeddable":true,"href":"https:\/\/www.lesmournandises.fr\/index.php\/wp-json\/wp\/v2\/product_tag?post=139"}],"curies":[{"name":"wp","href":"https:\/\/api.w.org\/{rel}","templated":true}]}}