{"id":150,"date":"2023-01-04T14:04:27","date_gmt":"2023-01-04T13:04:27","guid":{"rendered":"https:\/\/www.lesmournandises.fr\/?post_type=product&#038;p=150"},"modified":"2025-03-24T11:47:38","modified_gmt":"2025-03-24T10:47:38","slug":"marbre","status":"publish","type":"product","link":"https:\/\/www.lesmournandises.fr\/index.php\/produit\/marbre\/","title":{"rendered":"Marbr\u00e9 au Chocolat"},"content":{"rendered":"","protected":false},"excerpt":{"rendered":"<p>Marbr\u00e9 \u00e0 la vanille de Madagascar et au chocolat noir de couverture<\/p>\n<p>En option : gla\u00e7age rocher (chocolat au lait 41% et amandes torr\u00e9fi\u00e9es)<\/p>\n<p><strong>8 parts<\/strong><\/p>\n","protected":false},"featured_media":202,"comment_status":"open","ping_status":"closed","template":"","meta":[],"product_brand":[],"product_cat":[42],"product_tag":[56,60,61,58,62,59],"class_list":{"0":"post-150","1":"product","2":"type-product","3":"status-publish","4":"has-post-thumbnail","6":"product_cat-voyage","7":"product_tag-cake","8":"product_tag-chocolat","9":"product_tag-glacage","10":"product_tag-marbre","11":"product_tag-rocher","12":"product_tag-vanille","14":"first","15":"instock","16":"featured","17":"shipping-taxable","18":"purchasable","19":"product-type-variable"},"jetpack_sharing_enabled":true,"_links":{"self":[{"href":"https:\/\/www.lesmournandises.fr\/index.php\/wp-json\/wp\/v2\/product\/150","targetHints":{"allow":["GET"]}}],"collection":[{"href":"https:\/\/www.lesmournandises.fr\/index.php\/wp-json\/wp\/v2\/product"}],"about":[{"href":"https:\/\/www.lesmournandises.fr\/index.php\/wp-json\/wp\/v2\/types\/product"}],"replies":[{"embeddable":true,"href":"https:\/\/www.lesmournandises.fr\/index.php\/wp-json\/wp\/v2\/comments?post=150"}],"wp:featuredmedia":[{"embeddable":true,"href":"https:\/\/www.lesmournandises.fr\/index.php\/wp-json\/wp\/v2\/media\/202"}],"wp:attachment":[{"href":"https:\/\/www.lesmournandises.fr\/index.php\/wp-json\/wp\/v2\/media?parent=150"}],"wp:term":[{"taxonomy":"product_brand","embeddable":true,"href":"https:\/\/www.lesmournandises.fr\/index.php\/wp-json\/wp\/v2\/product_brand?post=150"},{"taxonomy":"product_cat","embeddable":true,"href":"https:\/\/www.lesmournandises.fr\/index.php\/wp-json\/wp\/v2\/product_cat?post=150"},{"taxonomy":"product_tag","embeddable":true,"href":"https:\/\/www.lesmournandises.fr\/index.php\/wp-json\/wp\/v2\/product_tag?post=150"}],"curies":[{"name":"wp","href":"https:\/\/api.w.org\/{rel}","templated":true}]}}