{"id":160,"date":"2023-01-04T14:17:09","date_gmt":"2023-01-04T13:17:09","guid":{"rendered":"https:\/\/www.lesmournandises.fr\/?post_type=product&#038;p=160"},"modified":"2026-02-08T21:57:44","modified_gmt":"2026-02-08T20:57:44","slug":"flan-a-la-vanille","status":"publish","type":"product","link":"https:\/\/www.lesmournandises.fr\/index.php\/produit\/flan-a-la-vanille\/","title":{"rendered":"Flan Vanille"},"content":{"rendered":"","protected":false},"excerpt":{"rendered":"<p>Flan g\u00e9n\u00e9reusement parfum\u00e9 \u00e0 la Vanille de Madagascar bio sur une p\u00e2te sucr\u00e9e maison<\/p>\n<p><strong>8 parts<\/strong><\/p>\n","protected":false},"featured_media":301,"comment_status":"open","ping_status":"closed","template":"","meta":[],"product_brand":[],"product_cat":[47],"product_tag":[63,64,59],"class_list":{"0":"post-160","1":"product","2":"type-product","3":"status-publish","4":"has-post-thumbnail","6":"product_cat-flans","7":"product_tag-flan","8":"product_tag-patissier","9":"product_tag-vanille","11":"first","12":"instock","13":"shipping-taxable","14":"purchasable","15":"product-type-simple"},"jetpack_sharing_enabled":true,"_links":{"self":[{"href":"https:\/\/www.lesmournandises.fr\/index.php\/wp-json\/wp\/v2\/product\/160","targetHints":{"allow":["GET"]}}],"collection":[{"href":"https:\/\/www.lesmournandises.fr\/index.php\/wp-json\/wp\/v2\/product"}],"about":[{"href":"https:\/\/www.lesmournandises.fr\/index.php\/wp-json\/wp\/v2\/types\/product"}],"replies":[{"embeddable":true,"href":"https:\/\/www.lesmournandises.fr\/index.php\/wp-json\/wp\/v2\/comments?post=160"}],"wp:featuredmedia":[{"embeddable":true,"href":"https:\/\/www.lesmournandises.fr\/index.php\/wp-json\/wp\/v2\/media\/301"}],"wp:attachment":[{"href":"https:\/\/www.lesmournandises.fr\/index.php\/wp-json\/wp\/v2\/media?parent=160"}],"wp:term":[{"taxonomy":"product_brand","embeddable":true,"href":"https:\/\/www.lesmournandises.fr\/index.php\/wp-json\/wp\/v2\/product_brand?post=160"},{"taxonomy":"product_cat","embeddable":true,"href":"https:\/\/www.lesmournandises.fr\/index.php\/wp-json\/wp\/v2\/product_cat?post=160"},{"taxonomy":"product_tag","embeddable":true,"href":"https:\/\/www.lesmournandises.fr\/index.php\/wp-json\/wp\/v2\/product_tag?post=160"}],"curies":[{"name":"wp","href":"https:\/\/api.w.org\/{rel}","templated":true}]}}