{"id":296,"date":"2026-01-31T16:18:35","date_gmt":"2026-01-31T15:18:35","guid":{"rendered":"https:\/\/www.lesmournandises.fr\/?post_type=product&#038;p=296"},"modified":"2026-02-08T21:57:20","modified_gmt":"2026-02-08T20:57:20","slug":"flan-a-la-vanille-sur-lit-praline","status":"publish","type":"product","link":"https:\/\/www.lesmournandises.fr\/index.php\/produit\/flan-a-la-vanille-sur-lit-praline\/","title":{"rendered":"Flan Vanille Pralin\u00e9"},"content":{"rendered":"","protected":false},"excerpt":{"rendered":"<p>Flan g\u00e9n\u00e9reusement parfum\u00e9 \u00e0 la Vanille de Madagascar bio sur un lit de pralin\u00e9 maison<\/p>\n<p>P\u00e2te sucr\u00e9e maison<\/p>\n<p><strong>8 parts<\/strong><\/p>\n","protected":false},"featured_media":301,"comment_status":"open","ping_status":"closed","template":"","meta":[],"product_brand":[],"product_cat":[47],"product_tag":[63,64,59],"class_list":{"0":"post-296","1":"product","2":"type-product","3":"status-publish","4":"has-post-thumbnail","6":"product_cat-flans","7":"product_tag-flan","8":"product_tag-patissier","9":"product_tag-vanille","11":"first","12":"instock","13":"shipping-taxable","14":"purchasable","15":"product-type-variable"},"jetpack_sharing_enabled":true,"_links":{"self":[{"href":"https:\/\/www.lesmournandises.fr\/index.php\/wp-json\/wp\/v2\/product\/296","targetHints":{"allow":["GET"]}}],"collection":[{"href":"https:\/\/www.lesmournandises.fr\/index.php\/wp-json\/wp\/v2\/product"}],"about":[{"href":"https:\/\/www.lesmournandises.fr\/index.php\/wp-json\/wp\/v2\/types\/product"}],"replies":[{"embeddable":true,"href":"https:\/\/www.lesmournandises.fr\/index.php\/wp-json\/wp\/v2\/comments?post=296"}],"wp:featuredmedia":[{"embeddable":true,"href":"https:\/\/www.lesmournandises.fr\/index.php\/wp-json\/wp\/v2\/media\/301"}],"wp:attachment":[{"href":"https:\/\/www.lesmournandises.fr\/index.php\/wp-json\/wp\/v2\/media?parent=296"}],"wp:term":[{"taxonomy":"product_brand","embeddable":true,"href":"https:\/\/www.lesmournandises.fr\/index.php\/wp-json\/wp\/v2\/product_brand?post=296"},{"taxonomy":"product_cat","embeddable":true,"href":"https:\/\/www.lesmournandises.fr\/index.php\/wp-json\/wp\/v2\/product_cat?post=296"},{"taxonomy":"product_tag","embeddable":true,"href":"https:\/\/www.lesmournandises.fr\/index.php\/wp-json\/wp\/v2\/product_tag?post=296"}],"curies":[{"name":"wp","href":"https:\/\/api.w.org\/{rel}","templated":true}]}}